{"id":672,"date":"2025-12-17T12:10:27","date_gmt":"2025-12-17T17:10:27","guid":{"rendered":"https:\/\/bunnynote.yopuedo.pe\/?page_id=672"},"modified":"2025-12-23T18:08:37","modified_gmt":"2025-12-23T23:08:37","slug":"blog","status":"publish","type":"page","link":"https:\/\/bunnynote.yopuedo.pe\/index.php\/blog\/","title":{"rendered":"Blog"},"content":{"rendered":"\t\t<div data-elementor-type=\"wp-page\" data-elementor-id=\"672\" class=\"elementor elementor-672\" data-elementor-post-type=\"page\">\n\t\t\t\t<div class=\"elementor-element elementor-element-7b53718 e-flex e-con-boxed e-con e-parent\" data-id=\"7b53718\" data-element_type=\"container\" data-e-type=\"container\">\n\t\t\t\t\t<div class=\"e-con-inner\">\n\t\t\t\t<div class=\"elementor-element elementor-element-3255342 elementor-widget elementor-widget-heading\" data-id=\"3255342\" data-element_type=\"widget\" data-e-type=\"widget\" data-widget_type=\"heading.default\">\n\t\t\t\t\t<h2 class=\"elementor-heading-title elementor-size-default\">BLOG<\/h2>\t\t\t\t<\/div>\n\t\t\t\t\t<\/div>\n\t\t\t\t<\/div>\n\t\t<div class=\"elementor-element elementor-element-3111c26 e-grid e-con-boxed e-con e-parent\" data-id=\"3111c26\" data-element_type=\"container\" data-e-type=\"container\">\n\t\t\t\t\t<div class=\"e-con-inner\">\n\t\t<div class=\"elementor-element elementor-element-9309e17 e-flex e-con-boxed e-con e-child\" data-id=\"9309e17\" data-element_type=\"container\" data-e-type=\"container\">\n\t\t\t\t\t<div class=\"e-con-inner\">\n\t\t\t\t<div class=\"elementor-element elementor-element-cef0520 elementor-widget__width-initial elementor-widget elementor-widget-image\" data-id=\"cef0520\" data-element_type=\"widget\" data-e-type=\"widget\" data-widget_type=\"image.default\">\n\t\t\t\t\t\t\t\t\t\t\t\t\t\t\t<img fetchpriority=\"high\" decoding=\"async\" width=\"410\" height=\"490\" src=\"https:\/\/bunnynote.yopuedo.pe\/wp-content\/uploads\/2025\/12\/Rectangle-1015-2.png\" class=\"attachment-large size-large wp-image-504\" alt=\"\" srcset=\"https:\/\/bunnynote.yopuedo.pe\/wp-content\/uploads\/2025\/12\/Rectangle-1015-2.png 410w, https:\/\/bunnynote.yopuedo.pe\/wp-content\/uploads\/2025\/12\/Rectangle-1015-2-251x300.png 251w\" sizes=\"(max-width: 410px) 100vw, 410px\" \/>\t\t\t\t\t\t\t\t\t\t\t\t\t\t\t<\/div>\n\t\t\t\t<div class=\"elementor-element elementor-element-39e38c0 elementor-widget elementor-widget-heading\" data-id=\"39e38c0\" data-element_type=\"widget\" data-e-type=\"widget\" data-widget_type=\"heading.default\">\n\t\t\t\t\t<h2 class=\"elementor-heading-title elementor-size-default\">Somos Bunny Note<\/h2>\t\t\t\t<\/div>\n\t\t\t\t<div class=\"elementor-element elementor-element-70c134f elementor-widget__width-initial elementor-widget elementor-widget-text-editor\" data-id=\"70c134f\" data-element_type=\"widget\" data-e-type=\"widget\" data-widget_type=\"text-editor.default\">\n\t\t\t\t\t\t\t\t\t<h6><span style=\"font-size: 15px;\">una tiendita peruana inspirada en las papeler\u00edas asi\u00e1ticas. Creamos cada producto con cari\u00f1o para que te acompa\u00f1e en el colegio, la universidad o tus momentos creativos. Nuestro objetivo es hacerte sonre\u00edr con cada compra y darte una experiencia dulce, pr\u00e1ctica y llena de magia kawaii.<\/span><\/h6>\t\t\t\t\t\t\t\t<\/div>\n\t\t\t\t\t<\/div>\n\t\t\t\t<\/div>\n\t\t<div class=\"elementor-element elementor-element-6367dd5 e-grid e-con-full e-con e-child\" data-id=\"6367dd5\" data-element_type=\"container\" data-e-type=\"container\">\n\t\t<div class=\"elementor-element elementor-element-3ab22d6 e-con-full e-flex e-con e-child\" data-id=\"3ab22d6\" data-element_type=\"container\" data-e-type=\"container\">\n\t\t\t\t<div class=\"elementor-element elementor-element-c2850bd elementor-widget elementor-widget-image\" data-id=\"c2850bd\" data-element_type=\"widget\" data-e-type=\"widget\" data-widget_type=\"image.default\">\n\t\t\t\t\t\t\t\t\t\t\t\t\t\t\t<img decoding=\"async\" width=\"800\" height=\"440\" src=\"https:\/\/bunnynote.yopuedo.pe\/wp-content\/uploads\/2025\/12\/Diseno-sin-titulo-3-1024x563.png\" class=\"attachment-large size-large wp-image-827\" alt=\"\" srcset=\"https:\/\/bunnynote.yopuedo.pe\/wp-content\/uploads\/2025\/12\/Diseno-sin-titulo-3-1024x563.png 1024w, https:\/\/bunnynote.yopuedo.pe\/wp-content\/uploads\/2025\/12\/Diseno-sin-titulo-3-300x165.png 300w, https:\/\/bunnynote.yopuedo.pe\/wp-content\/uploads\/2025\/12\/Diseno-sin-titulo-3-768x422.png 768w, https:\/\/bunnynote.yopuedo.pe\/wp-content\/uploads\/2025\/12\/Diseno-sin-titulo-3-1536x844.png 1536w, https:\/\/bunnynote.yopuedo.pe\/wp-content\/uploads\/2025\/12\/Diseno-sin-titulo-3-600x330.png 600w, https:\/\/bunnynote.yopuedo.pe\/wp-content\/uploads\/2025\/12\/Diseno-sin-titulo-3.png 1728w\" sizes=\"(max-width: 800px) 100vw, 800px\" \/>\t\t\t\t\t\t\t\t\t\t\t\t\t\t\t<\/div>\n\t\t\t\t<div class=\"elementor-element elementor-element-452611c elementor-widget elementor-widget-heading\" data-id=\"452611c\" data-element_type=\"widget\" data-e-type=\"widget\" data-widget_type=\"heading.default\">\n\t\t\t\t\t<h2 class=\"elementor-heading-title elementor-size-default\">Nuevos productos de Miku<\/h2>\t\t\t\t<\/div>\n\t\t\t\t<div class=\"elementor-element elementor-element-bab712f elementor-widget elementor-widget-image\" data-id=\"bab712f\" data-element_type=\"widget\" data-e-type=\"widget\" data-widget_type=\"image.default\">\n\t\t\t\t\t\t\t\t\t\t\t\t\t\t\t<img decoding=\"async\" width=\"457\" height=\"453\" src=\"https:\/\/bunnynote.yopuedo.pe\/wp-content\/uploads\/2025\/12\/Rectangle-1117.png\" class=\"attachment-large size-large wp-image-449\" alt=\"\" srcset=\"https:\/\/bunnynote.yopuedo.pe\/wp-content\/uploads\/2025\/12\/Rectangle-1117.png 457w, https:\/\/bunnynote.yopuedo.pe\/wp-content\/uploads\/2025\/12\/Rectangle-1117-100x100.png 100w, https:\/\/bunnynote.yopuedo.pe\/wp-content\/uploads\/2025\/12\/Rectangle-1117-300x297.png 300w, https:\/\/bunnynote.yopuedo.pe\/wp-content\/uploads\/2025\/12\/Rectangle-1117-150x150.png 150w\" sizes=\"(max-width: 457px) 100vw, 457px\" \/>\t\t\t\t\t\t\t\t\t\t\t\t\t\t\t<\/div>\n\t\t\t\t<div class=\"elementor-element elementor-element-1accc21 elementor-widget elementor-widget-heading\" data-id=\"1accc21\" data-element_type=\"widget\" data-e-type=\"widget\" data-widget_type=\"heading.default\">\n\t\t\t\t\t<h2 class=\"elementor-heading-title elementor-size-default\">Nueva sede en san Miguel<\/h2>\t\t\t\t<\/div>\n\t\t\t\t<\/div>\n\t\t\t\t<\/div>\n\t\t\t\t\t<\/div>\n\t\t\t\t<\/div>\n\t\t\t\t<\/div>\n\t\t","protected":false},"excerpt":{"rendered":"<p>BLOG Somos Bunny Note una tiendita peruana inspirada en las papeler\u00edas asi\u00e1ticas. Creamos cada producto con cari\u00f1o para que te acompa\u00f1e en el colegio, la universidad o tus momentos creativos. Nuestro objetivo es hacerte sonre\u00edr con cada compra y darte una experiencia dulce, pr\u00e1ctica y llena de magia kawaii. Nuevos productos de Miku Nueva sede [&hellip;]<\/p>\n","protected":false},"author":3,"featured_media":0,"parent":0,"menu_order":0,"comment_status":"closed","ping_status":"closed","template":"elementor_header_footer","meta":{"footnotes":""},"class_list":["post-672","page","type-page","status-publish","hentry"],"_links":{"self":[{"href":"https:\/\/bunnynote.yopuedo.pe\/index.php\/wp-json\/wp\/v2\/pages\/672","targetHints":{"allow":["GET"]}}],"collection":[{"href":"https:\/\/bunnynote.yopuedo.pe\/index.php\/wp-json\/wp\/v2\/pages"}],"about":[{"href":"https:\/\/bunnynote.yopuedo.pe\/index.php\/wp-json\/wp\/v2\/types\/page"}],"author":[{"embeddable":true,"href":"https:\/\/bunnynote.yopuedo.pe\/index.php\/wp-json\/wp\/v2\/users\/3"}],"replies":[{"embeddable":true,"href":"https:\/\/bunnynote.yopuedo.pe\/index.php\/wp-json\/wp\/v2\/comments?post=672"}],"version-history":[{"count":10,"href":"https:\/\/bunnynote.yopuedo.pe\/index.php\/wp-json\/wp\/v2\/pages\/672\/revisions"}],"predecessor-version":[{"id":1447,"href":"https:\/\/bunnynote.yopuedo.pe\/index.php\/wp-json\/wp\/v2\/pages\/672\/revisions\/1447"}],"wp:attachment":[{"href":"https:\/\/bunnynote.yopuedo.pe\/index.php\/wp-json\/wp\/v2\/media?parent=672"}],"curies":[{"name":"wp","href":"https:\/\/api.w.org\/{rel}","templated":true}]}}